{"id":66,"date":"2022-02-10T14:59:49","date_gmt":"2022-02-10T14:59:49","guid":{"rendered":"https:\/\/digitalprod.eu\/bam\/?page_id=66"},"modified":"2022-07-27T08:54:07","modified_gmt":"2022-07-27T08:54:07","slug":"datenschutz-bestimmungen","status":"publish","type":"page","link":"https:\/\/bam-centrodabananadamadeira.pt\/de\/datenschutz-bestimmungen\/","title":{"rendered":"Datenschutz-Bestimmungen"},"content":{"rendered":"<p><strong>Allgemeine Sicherheits- und Datenschutzrichtlinie<\/strong><\/p>\n<p>Der Schutz der Privatsph\u00e4re und personenbezogener Daten hat f\u00fcr GESBA \u2013 Empresa de Gest\u00e3o do Sector da Banana, Lda. (nachfolgend GESBA abgek\u00fcrzt) Priorit\u00e4t und ist unser klares Bekenntnis.<\/p>\n<p>Diese Richtlinie betrifft Datenschutzpraktiken im Rahmen der T\u00e4tigkeit von GESBA, einschlie\u00dflich Portalen, Online-Sites und anderen von ihr verwalteten und genutzten Diensten. Die personenbezogenen Daten, die Sie uns w\u00e4hrend Ihrer Interaktion mit den verschiedenen Diensten zur Verf\u00fcgung stellen, werden mit den Sicherheits- und Vertraulichkeitsgarantien behandelt, die der gesetzliche Rahmen zum Schutz personenbezogener Daten vorschreibt.<\/p>\n<p>Die von GESBA verantworteten und im Rahmen der angebotenen Dienste genutzten Portale, Seiten und Anwendungen enthalten Links zu anderen Seiten, die von Dritten verantwortet werden. Die Datenschutzerkl\u00e4rung der GESBA gilt ausschlie\u00dflich f\u00fcr die von ihr verantworteten Seiten und Dienste. Beim Zugriff auf Websites anderer Unternehmen, auch von Websites unter der Verantwortung von GESBA, sollten Sie deren Datenschutzrichtlinien lesen.<\/p>\n<p>Der Zugang und die Nutzung von Diensten, Portalen und Sites unter der Verantwortung von GESBA m\u00fcssen f\u00fcr den Benutzer frei sein, vorausgesetzt, dass GESBA die Nutzungsbedingungen gelesen, verstanden und akzeptiert hat.<\/p>\n<p>&nbsp;<\/p>\n<p>Jeder Versuch, die Informationen zu \u00e4ndern, oder jede andere Handlung, die Sch\u00e4den verursachen und die Integrit\u00e4t des Systems gef\u00e4hrden k\u00f6nnte, ist gem\u00e4\u00df den geltenden Gesetzen strengstens untersagt. Der*die Nutzer*in verpflichtet sich, die geltenden Gesetze, insbesondere in Bezug auf Computerkriminalit\u00e4t und geistige Eigentumsrechte, gewissenhaft einzuhalten und ist ausschlie\u00dflich f\u00fcr die Verletzung dieser Vorschriften verantwortlich.<\/p>\n<p><strong>Datenschutzbeauftragte*r<\/strong><\/p>\n<p>GESBA hat eine*n Datenschutzbeauftragte*n ernannt, der*die \u00fcber die E-Mail-Adresse protecaodedados@gesba.pt oder per Einschreiben mit R\u00fcckschein an die Adresse Rua de Santa Rita, n.\u00ba 56, 9000-238, Funchal erreichbar ist.<\/p>\n<p>&nbsp;<\/p>\n<p><strong>Datenschutzrichtlinien<\/strong><\/p>\n<p>GESBA respektiert Ihr Recht auf Privatsph\u00e4re. Die angeforderten Daten sind f\u00fcr die Erbringung der von Ihnen angeforderten Dienstleistung bestimmt, wobei personenbezogene Daten, die f\u00fcr die Erbringung der Dienstleistung nicht erforderlich sind oder denen Sie nicht zugestimmt haben, nicht erhoben werden.<\/p>\n<p>Die Interaktion mit den Diensten, Portalen und Sites der GESBA erfordert keine Angaben des*der Nutzer*in, es sei denn, f\u00fcr ausdr\u00fccklich gekennzeichnete Zwecke wird eine Registrierung f\u00fcr erforderlich erkl\u00e4rt und von dem*der Nutzer*in gem\u00e4\u00df den nachfolgenden Bestimmungen genehmigt.<\/p>\n<p>&nbsp;<\/p>\n<p><strong>Verantwortlich f\u00fcr die Verarbeitung<\/strong><\/p>\n<p>GESBA als Verantwortlicher f\u00fcr die Datenverarbeitung:<\/p>\n<p>Stellt sicher, dass die Verarbeitung Ihrer personenbezogenen Daten im Rahmen der Zwecke erfolgt, f\u00fcr die sie erhoben wurden, oder f\u00fcr Zwecke, die mit diesen vereinbar sind;<br \/>\nErhebt, verwendet und speichert nur die personenbezogenen Daten, die f\u00fcr den jeweiligen Zweck erforderlich sind;<br \/>\n\u00dcbermittelt keine personenbezogenen Daten zu kommerziellen oder Werbezwecken;<br \/>\nVerarbeitet personenbezogene Daten f\u00fcr gesetzlich vorgeschriebene Zwecke oder zur Erbringung von Dienstleistungen auf Ihre Anfrage hin.<br \/>\nSubunternehmer<\/p>\n<p>GESBA verpflichtet sich als Subunternehmer, die mit den f\u00fcr die Datenverarbeitung verantwortlichen Stellen abgeschlossenen Vereinbarungen zum Datenschutz und zur Verarbeitung personenbezogener Daten einzuhalten.<\/p>\n<p><strong>Arten der von uns erfassten personenbezogenen Daten<\/strong><\/p>\n<p>Die personenbezogenen Daten, die von GESBA verarbeitet werden, sind unterschiedlicher Natur und beziehen sich auf die Erbringung von Dienstleistungen, die auf elektronischen Plattformen und anderen von ihr verwalteten Dienstleistungen angeboten werden.<\/p>\n<p>Je nach Art der bereitgestellten Dienste kann Folgendes erfasst werden: die IP-Adresse, die Ortung \u00fcber GPS, der Name, das Geschlecht, das Alter, das Geburtsdatum und der Geburtsort, die Steueridentifikationsnummer, die Personenstandsnummer, die Sozialversicherungsnummer, die Ausweisnummer, die IBAN, die NIFAP (Beg\u00fcnstigten-Identifikationsnummer im IFAP-Informationssystem), Familienstand, die Adresse, die Nationalit\u00e4t, die E-Mail-Adresse und die Handynummer.<\/p>\n<p><strong>Sicherheit personenbezogener Daten<\/strong><\/p>\n<p>GESBA verwendet bei der Aus\u00fcbung seiner T\u00e4tigkeit eine Reihe von Technologien und Sicherheitsverfahren, die zum Schutz Ihrer personenbezogenen Daten geeignet sind und den unbefugten Zugriff oder die Offenlegung sch\u00fctzen, n\u00e4mlich:<\/p>\n<p>Physische Sicherheitsma\u00dfnahmen, wie die Kontrolle des Zugangs von Angestellten, Mitarbeiter*innen und Besucher*innen zu den R\u00e4umlichkeiten des Hauptsitzes und des Rechenzentrums, \u00e4u\u00dferst strenge Mechanismen zur Bek\u00e4mpfung von Eindringlingen, L\u00f6schen von Br\u00e4nden, \u00dcberwachung der Ausr\u00fcstung rund um die Uhr und Verstauen der Ausr\u00fcstung in speziellen Strukturen.<br \/>\nLogische Sicherheitsma\u00dfnahmen in der Komponente des Zugriffs auf Systeme und Arbeitsstationen durch Identit\u00e4ts-, Authentifizierungs- und Berechtigungsverwaltungsmechanismen; in der Netzwerkkomponente der Einsatz von Firewalls und Intrusion-Detection-Systemen, die Trennung von Netzwerken und Anwendungsumgebungen sowie die Verschl\u00fcsselung von Informationen \u00fcber sichere Kommunikationskan\u00e4le.<br \/>\nZugriff und Kontrolle Ihrer personenbezogenen Daten<\/p>\n<p>Wir erm\u00f6glichen auf Ihre Anfrage hin die Auskunft, den Zugang, die Berichtigung und die L\u00f6schung personenbezogener Daten. Sie haben auch das Recht, der Verarbeitung Ihrer personenbezogenen Daten zu widersprechen.<\/p>\n<p>Wenn die Verwendung Ihrer personenbezogenen Daten auf einer Einwilligung beruht, haben Sie das Recht, diese zu widerrufen, ohne die G\u00fcltigkeit der bis zu diesem Zeitpunkt durchgef\u00fchrten Datenverarbeitung zu beeintr\u00e4chtigen.<\/p>\n<p>\u00dcber den*die Datenschutzbeauftragte*n, der*die \u00fcber die E-Mail-Adresse protecaodedados@gesba.pt oder per Einschreiben mit R\u00fcckschein an die Rua de Santa Rita, n.\u00ba 56, 9000-238, Funchal erreichbar ist, kann Folgendes angefordert werden:<\/p>\n<p>Auskunft \u00fcber Ihre Daten;<br \/>\nInformationen zur Verarbeitung;<br \/>\nDer zugrunde liegende Zweck der Verarbeitung;<br \/>\nDie Berichtigung oder Aktualisierung von Daten;<br \/>\nIhre Daten in einem offenen Format;<br \/>\nDie L\u00f6schung von Daten, unbeschadet der f\u00fcr die betreffende Behandlung geltenden Rechtsvorschriften.<br \/>\nAufbewahrung der personenbezogenen Daten<\/p>\n<p>Ihre personenbezogenen Daten werden von GESBA f\u00fcr den Zeitraum aufbewahrt, der f\u00fcr die Behandlung gem\u00e4\u00df dem jeweiligen Zweck erforderlich ist.<\/p>\n<p>Die Aufbewahrungsfristen k\u00f6nnen sich \u00e4ndern, wenn das damit verbundene \u00f6ffentliche Interesse, historische, wissenschaftliche oder statistische Gr\u00fcnde dies rechtfertigen und die GESBA sich verpflichtet, die entsprechenden Erhaltungs- und Sicherungsma\u00dfnahmen zu treffen.<\/p>\n<p>Cookies und \u00e4hnliche Technologien<\/p>\n<p>GESBA verwendet Cookies und andere \u00e4hnliche Technologien auf ihren Websites, um die Leistung und das Surferlebnis ihrer Nutzer*innen zu verbessern, einerseits, um die Geschwindigkeit und Effizienz der Antwort zu erh\u00f6hen und andererseits , um die Notwendigkeit einer wiederholten Eingabe derselben Information zu beseitigen.<\/p>\n<p>Das Setzen von Cookies hilft Websites, das Ger\u00e4t des*der Nutzer*in beim n\u00e4chsten Besuch wiederzuerkennen und ist oft f\u00fcr deren Betrieb unerl\u00e4sslich.<\/p>\n<p>Die von GESBA verwendeten Cookies sammeln keine pers\u00f6nlichen Informationen zur Identifizierung des*der Nutzer*in, sondern speichern nur allgemeine Informationen, unter anderem die Form oder Region\/Stadt des Zugriffs.<\/p>\n<p>Die auf den GESBA-Websites und -Portalen verwendeten Cookies sind wie folgt:<\/p>\n<p>Essentiell \u2013 notwendig, um die GESBA-Website oder -Portale zu durchsuchen, die von den Websites angebotenen Funktionen zu aktivieren oder zu optimieren und das Surferlebnis des Benutzers zu verbessern, den Zugriff auf private Bereiche derselben zu gew\u00e4hrleisten, um die Ausf\u00fchrung von Diensten zu erm\u00f6glichen, v.a. Sitzungscookies.<br \/>\nAnalytisch &#8211; notwendig, um Informationen f\u00fcr die statistische Analyse der Navigation und Nutzung der Website zu sammeln, v.a. Google.<br \/>\nVon Dritten<br \/>\nFacebook, Twitter, YouTube, Instagram, Google Play, App Store und andere von Dritten verwaltete Websites k\u00f6nnen Cookies zum Teilen von Inhalten installieren. Die Anzahl und der Status dieser Cookies k\u00f6nnen davon abh\u00e4ngen, wie die jeweiligen Plattformen vor oder w\u00e4hrend eines Besuchs auf dieser Website verwendet werden. Es ist hilfreich, die Cookie-Verwaltungsrichtlinie dieser Websites zu pr\u00fcfen.<\/p>\n<p>Die durch die Verwendung von Cookies generierten Informationen k\u00f6nnen zur Trendanalyse, Navigationsverfolgung und deren Leistung an Dritte gesendet werden, ohne jedoch eine Person zu identifizieren.<\/p>\n<p>&nbsp;<\/p>\n<p><strong>Wie kann die Verwendung von Cookies kontrolliert werden?<\/strong><\/p>\n<p>Nutzer*innen k\u00f6nnen die Verwendung von Cookies in ihren Browsereinstellungen verhindern. Wenn Sie diese Option jedoch einschr\u00e4nken, kann die Verwendung einiger Funktionen oder die Leistung bestimmter Tools eingeschr\u00e4nkt sein.<\/p>\n<p>Es ist auch m\u00f6glich, Browsererweiterungen (Browser-Add-ons) zu verwenden, um die Nutzung einiger Funktionen zu deaktivieren. Google stellt eine Erweiterung f\u00fcr Google Analytics bereit, mit der Sie die Verwendung deaktivieren k\u00f6nnen. Diese ist verf\u00fcgbar unter https:\/\/tools.google.com\/dlpage\/gaoptout\/<\/p>\n<p>&nbsp;<\/p>\n<p><strong>So verwalten Sie Cookies in verschiedenen Browsern:<\/strong><\/p>\n<p>Google Chrome<\/p>\n<p>Standardm\u00e4\u00dfig sind alle Cookies erlaubt, aber Sie k\u00f6nnen diese Einstellung anpassen. Folgen Sie diesen Schritten: Klicken Sie auf das Chrome-Men\u00fc in der Symbolleiste des Browsers.<\/p>\n<p><strong>Definitionen;<\/strong><br \/>\nErweiterte Einstellungen anzeigen;<br \/>\nKlicken Sie unter \u201eDatenschutz\u201c auf Inhaltseinstellungen;<br \/>\nW\u00e4hlen Sie \u201eDateneinstellung durch Websites blockieren\u201c.<br \/>\nGehen Sie folgenderma\u00dfen vor, um die Cookie-Einstellungen zu \u00e4ndern:<\/p>\n<p><strong>Cookies l\u00f6schen;<\/strong><br \/>\nCookies standardm\u00e4\u00dfig blockieren;<br \/>\nCookies standardm\u00e4\u00dfig zulassen;<br \/>\nCookies und Website-Daten standardm\u00e4\u00dfig beibehalten, bis Sie Ihren Browser schlie\u00dfen;<br \/>\nAusnahmen f\u00fcr Cookies von bestimmten Websites oder Dom\u00e4nen erstellen.<br \/>\nInternet Explorer:<\/p>\n<p>W\u00e4hlen Sie das Men\u00fc \u201eWerkzeuge\u201c und die Option \u201eInternetoptionen\u201c;<br \/>\nRegisterkarte \u201eDatenschutz\u201c;<br \/>\nBewegen Sie den Balken nach oben, wo die Meldung \u201eAlle Cookies blockieren\u201c erscheint.<br \/>\nMozilla Firefox:<\/p>\n<p>W\u00e4hlen Sie das Men\u00fc \u201eWerkzeuge\u201c;<br \/>\nW\u00e4hlen Sie &#8220;Optionen&#8221;;<br \/>\n\u201eDatenschutz\u201c, den Sie im oberen Bereich finden;<br \/>\nDeaktivieren Sie im Bereich Cookies die Option \u201eCookies von Websites akzeptieren\u201c. Klicken Sie auf \u201eOK\u201c, um die \u00c4nderungen zu speichern und zu schlie\u00dfen.<br \/>\nSafari:<\/p>\n<p>W\u00e4hlen Sie \u201eBearbeiten\u201c;<br \/>\nKlicken Sie auf \u201eEinstellungen\u201c;<br \/>\nW\u00e4hlen Sie im oberen Bereich das Symbol \u201eDatenschutz\u201c aus;<br \/>\nW\u00e4hlen Sie im Bereich \u201eCookies akzeptieren\u201c die Option \u201eNie\u201c.<br \/>\nHaftungsausschluss<\/p>\n<p>GESBA haftet nicht f\u00fcr Wertminderungen oder Sch\u00e4den im Sinne der zivilrechtlichen Haftung (einschlie\u00dflich, aber nicht beschr\u00e4nkt auf entstehende Sch\u00e4den, entgangenen Gewinn und immaterielle Sch\u00e4den, die direkt oder indirekt verursacht wurden), die sich aus der Verwendung ergeben, richtig oder unsachgem\u00e4\u00dfe Nutzung seiner Dienste, Websites und ihrer Inhalte durch den*die Nutzer*in, einschlie\u00dflich des unbefugten Zugriffs Dritter auf den Computer und das Computersystem des*der Benutzer*in.<\/p>\n<p>Die verbreiteten Informationen sind vom informativen Aspekt her zu betrachten.<\/p>\n<p>In den von GESBA verwalteten Diensten, Sites und Portalen befinden sich Inhalte und Dienste, die von Dritten bereitgestellt werden, die f\u00fcr deren Aktualisierung verantwortlich sind.\u00a0 Daher kann die GESBA nicht f\u00fcr die vollst\u00e4ndige Richtigkeit und Aktualit\u00e4t der auf ihren Websites enthaltenen Informationen verantwortlich gemacht werden.<\/p>\n<p>Elektronische Websites k\u00f6nnen Links zu Websites enthalten, die von Dritten betrieben werden, \u00fcber die sie keine Kontrolle hat und f\u00fcr die sie keine Verantwortung \u00fcbernimmt.<\/p>\n<p>Die Darstellung der Rechtsvorschriften auf dieser Website entbindet nicht davon, die geltenden, offiziell genehmigten und in den Originalausgaben und -tr\u00e4gern (n\u00e4mlich dem Staatsblatt oder Amtsblatt der Europ\u00e4ischen Union) ver\u00f6ffentlichten Rechtsvorschriften zu konsultieren.<\/p>\n<p><strong>\u00c4nderung der Sicherheits- und Datenschutzrichtlinie<\/strong><\/p>\n<p>Diese Allgemeinen Gesch\u00e4ftsbedingungen, die Sie sorgf\u00e4ltig lesen sollten, k\u00f6nnen ge\u00e4ndert werden, da die \u00c4nderungen ab dem Datum ihrer Ver\u00f6ffentlichung auf dieser Website wirksam werden, mit ausdr\u00fccklichem Hinweis auf das Datum der Aktualisierung.<\/p>\n<p>&nbsp;<\/p>\n<p><strong>Anwendbares Recht und zust\u00e4ndiger Gerichtsstand<\/strong><\/p>\n<p>Diese Allgemeinen Gesch\u00e4ftsbedingungen werden in \u00dcbereinstimmung mit dem portugiesischen Recht geregelt und ausgelegt. Das Bezirksgericht Lissabon ist unter Ausschluss aller anderen f\u00fcr die Beilegung von Konflikten zust\u00e4ndig, die sich aus der Auslegung und Anwendung dieser Allgemeinen Gesch\u00e4ftsbedingungen ergeben.<\/p>\n","protected":false},"excerpt":{"rendered":"<p>Allgemeine Sicherheits- und Datenschutzrichtlinie Der Schutz der Privatsph\u00e4re und personenbezogener Daten hat f\u00fcr GESBA \u2013 Empresa de Gest\u00e3o do Sector da Banana, Lda. (nachfolgend GESBA abgek\u00fcrzt) Priorit\u00e4t und ist unser klares Bekenntnis. Diese Richtlinie betrifft Datenschutzpraktiken im Rahmen der T\u00e4tigkeit von GESBA, einschlie\u00dflich Portalen, Online-Sites und anderen von ihr verwalteten und genutzten Diensten. Die personenbezogenen&#8230;  <a href=\"https:\/\/bam-centrodabananadamadeira.pt\/de\/datenschutz-bestimmungen\/\" title=\"Read Datenschutz-Bestimmungen\">Read more &raquo;<\/a><\/p>\n","protected":false},"author":1,"featured_media":0,"parent":0,"menu_order":0,"comment_status":"closed","ping_status":"closed","template":"tmp-politica.php","meta":{"inline_featured_image":false,"footnotes":""},"class_list":["post-66","page","type-page","status-publish","hentry"],"yoast_head":"<!-- This site is optimized with the Yoast SEO plugin v19.6.1 - https:\/\/yoast.com\/wordpress\/plugins\/seo\/ -->\n<title>Datenschutz-Bestimmungen - BAM | DE<\/title>\n<meta name=\"robots\" content=\"index, follow, max-snippet:-1, max-image-preview:large, max-video-preview:-1\" \/>\n<link rel=\"canonical\" href=\"https:\/\/bam-centrodabananadamadeira.pt\/de\/datenschutz-bestimmungen\/\" \/>\n<meta property=\"og:locale\" content=\"pt_PT\" \/>\n<meta property=\"og:type\" content=\"article\" \/>\n<meta property=\"og:title\" content=\"Datenschutz-Bestimmungen - BAM | DE\" \/>\n<meta property=\"og:description\" content=\"Allgemeine Sicherheits- und Datenschutzrichtlinie Der Schutz der Privatsph\u00e4re und personenbezogener Daten hat f\u00fcr GESBA \u2013 Empresa de Gest\u00e3o do Sector da Banana, Lda. (nachfolgend GESBA abgek\u00fcrzt) Priorit\u00e4t und ist unser klares Bekenntnis. Diese Richtlinie betrifft Datenschutzpraktiken im Rahmen der T\u00e4tigkeit von GESBA, einschlie\u00dflich Portalen, Online-Sites und anderen von ihr verwalteten und genutzten Diensten. Die personenbezogenen... Read more &raquo;\" \/>\n<meta property=\"og:url\" content=\"https:\/\/bam-centrodabananadamadeira.pt\/de\/datenschutz-bestimmungen\/\" \/>\n<meta property=\"og:site_name\" content=\"BAM | DE\" \/>\n<meta property=\"article:modified_time\" content=\"2022-07-27T08:54:07+00:00\" \/>\n<meta name=\"twitter:card\" content=\"summary_large_image\" \/>\n<meta name=\"twitter:label1\" content=\"Tempo estimado de leitura\" \/>\n\t<meta name=\"twitter:data1\" content=\"10 minutos\" \/>\n<script type=\"application\/ld+json\" class=\"yoast-schema-graph\">{\"@context\":\"https:\/\/schema.org\",\"@graph\":[{\"@type\":\"WebPage\",\"@id\":\"https:\/\/bam-centrodabananadamadeira.pt\/de\/datenschutz-bestimmungen\/\",\"url\":\"https:\/\/bam-centrodabananadamadeira.pt\/de\/datenschutz-bestimmungen\/\",\"name\":\"Datenschutz-Bestimmungen - BAM | DE\",\"isPartOf\":{\"@id\":\"https:\/\/bam-centrodabananadamadeira.pt\/de\/#website\"},\"datePublished\":\"2022-02-10T14:59:49+00:00\",\"dateModified\":\"2022-07-27T08:54:07+00:00\",\"breadcrumb\":{\"@id\":\"https:\/\/bam-centrodabananadamadeira.pt\/de\/datenschutz-bestimmungen\/#breadcrumb\"},\"inLanguage\":\"pt-PT\",\"potentialAction\":[{\"@type\":\"ReadAction\",\"target\":[\"https:\/\/bam-centrodabananadamadeira.pt\/de\/datenschutz-bestimmungen\/\"]}]},{\"@type\":\"BreadcrumbList\",\"@id\":\"https:\/\/bam-centrodabananadamadeira.pt\/de\/datenschutz-bestimmungen\/#breadcrumb\",\"itemListElement\":[{\"@type\":\"ListItem\",\"position\":1,\"name\":\"In\u00edcio\",\"item\":\"https:\/\/bam-centrodabananadamadeira.pt\/de\/\"},{\"@type\":\"ListItem\",\"position\":2,\"name\":\"Datenschutz-Bestimmungen\"}]},{\"@type\":\"WebSite\",\"@id\":\"https:\/\/bam-centrodabananadamadeira.pt\/de\/#website\",\"url\":\"https:\/\/bam-centrodabananadamadeira.pt\/de\/\",\"name\":\"BAM | DE\",\"description\":\"\",\"potentialAction\":[{\"@type\":\"SearchAction\",\"target\":{\"@type\":\"EntryPoint\",\"urlTemplate\":\"https:\/\/bam-centrodabananadamadeira.pt\/de\/?s={search_term_string}\"},\"query-input\":\"required name=search_term_string\"}],\"inLanguage\":\"pt-PT\"}]}<\/script>\n<!-- \/ Yoast SEO plugin. -->","yoast_head_json":{"title":"Datenschutz-Bestimmungen - BAM | DE","robots":{"index":"index","follow":"follow","max-snippet":"max-snippet:-1","max-image-preview":"max-image-preview:large","max-video-preview":"max-video-preview:-1"},"canonical":"https:\/\/bam-centrodabananadamadeira.pt\/de\/datenschutz-bestimmungen\/","og_locale":"pt_PT","og_type":"article","og_title":"Datenschutz-Bestimmungen - BAM | DE","og_description":"Allgemeine Sicherheits- und Datenschutzrichtlinie Der Schutz der Privatsph\u00e4re und personenbezogener Daten hat f\u00fcr GESBA \u2013 Empresa de Gest\u00e3o do Sector da Banana, Lda. (nachfolgend GESBA abgek\u00fcrzt) Priorit\u00e4t und ist unser klares Bekenntnis. Diese Richtlinie betrifft Datenschutzpraktiken im Rahmen der T\u00e4tigkeit von GESBA, einschlie\u00dflich Portalen, Online-Sites und anderen von ihr verwalteten und genutzten Diensten. Die personenbezogenen... Read more &raquo;","og_url":"https:\/\/bam-centrodabananadamadeira.pt\/de\/datenschutz-bestimmungen\/","og_site_name":"BAM | DE","article_modified_time":"2022-07-27T08:54:07+00:00","twitter_card":"summary_large_image","twitter_misc":{"Tempo estimado de leitura":"10 minutos"},"schema":{"@context":"https:\/\/schema.org","@graph":[{"@type":"WebPage","@id":"https:\/\/bam-centrodabananadamadeira.pt\/de\/datenschutz-bestimmungen\/","url":"https:\/\/bam-centrodabananadamadeira.pt\/de\/datenschutz-bestimmungen\/","name":"Datenschutz-Bestimmungen - BAM | DE","isPartOf":{"@id":"https:\/\/bam-centrodabananadamadeira.pt\/de\/#website"},"datePublished":"2022-02-10T14:59:49+00:00","dateModified":"2022-07-27T08:54:07+00:00","breadcrumb":{"@id":"https:\/\/bam-centrodabananadamadeira.pt\/de\/datenschutz-bestimmungen\/#breadcrumb"},"inLanguage":"pt-PT","potentialAction":[{"@type":"ReadAction","target":["https:\/\/bam-centrodabananadamadeira.pt\/de\/datenschutz-bestimmungen\/"]}]},{"@type":"BreadcrumbList","@id":"https:\/\/bam-centrodabananadamadeira.pt\/de\/datenschutz-bestimmungen\/#breadcrumb","itemListElement":[{"@type":"ListItem","position":1,"name":"In\u00edcio","item":"https:\/\/bam-centrodabananadamadeira.pt\/de\/"},{"@type":"ListItem","position":2,"name":"Datenschutz-Bestimmungen"}]},{"@type":"WebSite","@id":"https:\/\/bam-centrodabananadamadeira.pt\/de\/#website","url":"https:\/\/bam-centrodabananadamadeira.pt\/de\/","name":"BAM | DE","description":"","potentialAction":[{"@type":"SearchAction","target":{"@type":"EntryPoint","urlTemplate":"https:\/\/bam-centrodabananadamadeira.pt\/de\/?s={search_term_string}"},"query-input":"required name=search_term_string"}],"inLanguage":"pt-PT"}]}},"_links":{"self":[{"href":"https:\/\/bam-centrodabananadamadeira.pt\/de\/wp-json\/wp\/v2\/pages\/66","targetHints":{"allow":["GET"]}}],"collection":[{"href":"https:\/\/bam-centrodabananadamadeira.pt\/de\/wp-json\/wp\/v2\/pages"}],"about":[{"href":"https:\/\/bam-centrodabananadamadeira.pt\/de\/wp-json\/wp\/v2\/types\/page"}],"author":[{"embeddable":true,"href":"https:\/\/bam-centrodabananadamadeira.pt\/de\/wp-json\/wp\/v2\/users\/1"}],"replies":[{"embeddable":true,"href":"https:\/\/bam-centrodabananadamadeira.pt\/de\/wp-json\/wp\/v2\/comments?post=66"}],"version-history":[{"count":4,"href":"https:\/\/bam-centrodabananadamadeira.pt\/de\/wp-json\/wp\/v2\/pages\/66\/revisions"}],"predecessor-version":[{"id":160,"href":"https:\/\/bam-centrodabananadamadeira.pt\/de\/wp-json\/wp\/v2\/pages\/66\/revisions\/160"}],"wp:attachment":[{"href":"https:\/\/bam-centrodabananadamadeira.pt\/de\/wp-json\/wp\/v2\/media?parent=66"}],"curies":[{"name":"wp","href":"https:\/\/api.w.org\/{rel}","templated":true}]}}