{"id":64,"date":"2022-02-10T14:59:38","date_gmt":"2022-02-10T14:59:38","guid":{"rendered":"https:\/\/digitalprod.eu\/bam\/?page_id=64"},"modified":"2022-07-27T08:56:30","modified_gmt":"2022-07-27T08:56:30","slug":"allgemeine","status":"publish","type":"page","link":"https:\/\/bam-centrodabananadamadeira.pt\/de\/allgemeine\/","title":{"rendered":"Allgemeine"},"content":{"rendered":"<p><strong>NUTZUNGSBEDINGUNGEN<\/strong><\/p>\n<p>Durch Zugang oder Nutzung der Website des BAM \u2013 CENTRO DA BANANA DA MADEIRA best\u00e4tigt der*die Kund*in, dass er*sie diese Nutzungsbedingungen gelesen und verstanden hat und damit einverstanden ist, sich an sie zu halten sowie entsprechend der geltenden gesetzlichen Bestimmungen zu handeln. Sollte der*die Kund*in diesen Nutzungsbedingungen nicht zustimmen, darf er*sie diese Website nicht nutzen.<\/p>\n<p>Das Unternehmen, das Eigent\u00fcmer des BAM &#8211; CENTRO DA BANANA DA MADEIRA ist, kann diese Nutzungsbedingungen und alle anderen Informationen auf dieser Website jederzeit und ohne vorherige Ank\u00fcndigung \u00fcberarbeiten.<\/p>\n<p><strong>VERWENDUNG DER LIZENZ<\/strong><\/p>\n<p>Der Inhalt dieser Website, einschlie\u00dflich aller Marken, Designs, Logos, Texte, Bilder, Audio- und Videomaterialien, ist Eigentum von GESBA \u2013 Empresa de Gest\u00e3o do Sector da Banana, Lda., sofern nicht durch einen Quellenverweis anders angegeben, und ist durch die allgemeinen Rechtsvorschriften und durch nationale und internationale Gesetze zum Schutz des geistigen Eigentums gesch\u00fctzt. Es ist nicht gestattet, den Inhalt dieser Website ohne die vorherige und ausdr\u00fcckliche schriftliche Zustimmung von GESBA \u2013 Empresa de Gest\u00e3o do Sector da Banana, Lda. in irgendeiner Weise f\u00fcr \u00f6ffentliche oder kommerzielle Zwecke zu pr\u00e4sentieren, zu reproduzieren, zu vertreiben, zu \u00e4ndern, zu \u00fcbertragen oder zu verwenden.<\/p>\n<p>Der*die Benutzer*in darf jedoch jedweden Ausschnitt des auf dieser Website enthaltenen Materials f\u00fcr den pers\u00f6nlichen oder nicht kommerziellen Gebrauch ausdrucken, solange dieser in keinster Weise ver\u00e4ndert wird, die Quelle und der Inhabers des Urheberrechts angegeben und andere Eigentumshinweise nicht entfernt werden.<\/p>\n<p>Die Informationen und Software der Website des BAM &#8211; CENTRO DA BANANA DA MADEIRA sind urheberrechtlich gesch\u00fctzt. Dem*der Kund*in wird das tempor\u00e4re und individuelle Aufrufen der Website von BAM &#8211; CENTRO DA BANANA DA MADEIRA gestattet. Das individuelle und tempor\u00e4re Aufrufen der Website des BAM &#8211; CENTRO DA BANANA DA MADEIRA ist nichtkommerzieller Natur (z. B. darf der*die Kund*in die auf oder \u00fcber diese Website abgerufenen Inhalte nicht verkaufen). Jedwede andere Nutzung dieser Website ist untersagt.<\/p>\n<p>&nbsp;<\/p>\n<p>Die Bewilligung des tempor\u00e4ren und individuellen Aufrufens der Website des BAM &#8211; CENTRO DA BANANA DA MADEIRA unterliegt der Erf\u00fcllung der folgenden Pflichten durch den*die Kund*in:<\/p>\n<ol>\n<li>Die auf der Website des BAM &#8211; CENTRO DA BANANA DA MADEIRA enthaltenen Informationen, Materialien und Software nicht zu \u00e4ndern, zu entfernen oder zu kopieren;<\/li>\n<li>Zu garantieren, dass die Nutzung der Website nur f\u00fcr das genehmigte Aufrufen durch den*die Kund*in erfolgt und der Lizenz entspricht;<\/li>\n<li>Kein Reverse Engineering durchzuf\u00fchren oder den Quellcode der auf der Website des BAM &#8211; CENTRO DA BANANA DA MADEIRA enthaltenen Software innerhalb den gesetzlichen Bestimmungen zu dekompilieren, zerlegen, analysieren oder darauf zuzugreifen;<\/li>\n<li>Die Genehmigung zum individuellen und tempor\u00e4ren Aufrufen nicht auf einen anderen Server oder eine andereWebsite unterzulizenzieren, zu \u00fcberlassen oder zu \u00fcbertragen.<\/li>\n<\/ol>\n<p>Au\u00dfer in Situationen, die das oben beschriebene Urheberrecht abdecken, gew\u00e4hrt das Unternehmen als Eigent\u00fcmer des BAM &#8211; CENTRO DA BANANA DA MADEIRA dem*der Kund*in keine anderen Genehmigungen oder ausdr\u00fccklichen bzw. stillschweigenden Rechte an geistigem Eigentum. Der*die Kund*in darf den Inhalt dieser Website nicht auf einer anderen Website oder einem anderen Medium vervielf\u00e4ltigen.<\/p>\n<p>Die Nichteinhaltung dieser Nutzungsbedingungen oder der auf dieser Website enthaltenen Bedingungen durch den*die Kund*in f\u00fchrt zur automatischen Beendigung aller ihm*ihr gew\u00e4hrten Rechte ohne vorherige Ank\u00fcndigung, wodurch der*die Kund*in unverz\u00fcglich alle Kopien der heruntergeladenen Materialien, die sich in seinem*ihrem Besitz oder unter seiner*ihrer Obhut oder Kontrolle befinden, vernichten muss.<\/p>\n<p><strong>HAFTUNGSAUSSCHLUSS<\/strong><\/p>\n<p>Von Zeit zu Zeit kann die Website des BAM &#8211; CENTRO DA BANANA DA MADEIRA technische Ungenauigkeiten oder Rechtschreibfehler enthalten, so dass das Unternehmen als Eigent\u00fcmer des BAM &#8211; CENTRO DA BANANA DA MADEIRA die Genauigkeit der auf dieser Website ver\u00f6ffentlichten Informationen nicht garantiert.<\/p>\n<p>Sollte irgendeine Bestimmung dieser Nutzungsbedingungen in irgendeiner Weise von einer zust\u00e4ndigen Justizbeh\u00f6rde f\u00fcr ung\u00fcltig befunden werden, bleibt die G\u00fcltigkeit der \u00fcbrigen Nutzungsbedingungen unber\u00fchrt, sofern dieser Mangel die Rechte der Parteien dieser Nutzungsbedingungen nicht wesentlich beeintr\u00e4chtigt.<\/p>\n<p><strong>VERTRAULICHE INFORMATIONEN<\/strong><\/p>\n<p>Das Unternehmen als Eigent\u00fcmer des BAM &#8211; CENTRO DA BANANA DA MADEIRA beabsichtigt nicht, \u00fcber diese Website vertrauliche oder gesch\u00fctzte Informationen von dem*der Kund*in zu erhalten. Der*die Kund*in sollte beachten, dass alle Informationen oder Materialien, die an das BAM &#8211; CENTRO DA BANANA DA MADEIRA gesendet werden, als nicht vertraulich betrachtet werden.<\/p>\n<p>Die personenbezogenen Daten, die der*die Kund*in dem BAM &#8211; CENTRO DA BANANA DA MADEIRA zur Verf\u00fcgung stellt, werden gem\u00e4\u00df unserer Datenschutzrichtlinie behandelt. Informationen zu unserer Datenschutzrichtlinie finden Sie auf der Registerkarte\u00a0 \u201eAllgemeine Sicherheits- und Datenschutzrichtlinie\u201c.<\/p>\n<p><strong>VERZICHTSERKL\u00c4RUNG DER GARANTIE<\/strong><\/p>\n<p>Die Nutzung dieser Website liegt in der alleinigen Verantwortung des*der Kund*in. Alle Informationen und Software werden \u201ein der vorliegenden Form&#8221; ohne jegliche Gew\u00e4hrleistung bereitgestellt. Das Unternehmen als Eigent\u00fcmer des BAM &#8211; CENTRO DA BANANA DA MADEIRA lehnt ausdr\u00fccklich und im gr\u00f6\u00dftm\u00f6glichen gesetzlich zul\u00e4ssigen Umfang alle ausdr\u00fccklichen oder stillschweigenden Gew\u00e4hrleistungen oder Zusicherungen ab, und zwar einschlie\u00dflich, aber nicht beschr\u00e4nkt auf Gew\u00e4hrleistungen der Vermarktung, Eignung f\u00fcr einen bestimmten Zweck und Nichtverletzung von Rechten des geistigen Eigentums. Das Unternehmen als Eigent\u00fcmer des BAM &#8211; CENTRO DA BANANA DA MADEIRA garantiert insbesondere nicht den ununterbrochenen, zeitgerechten, sicheren und fehlerfreien Betrieb dieser Website.<\/p>\n<p>Der*die Kund*in ist sich bewusst und akzeptiert, dass er*sie beim Herunterladen oder dem Erhalten von Materialien, Informationen oder Software in anderer Form dies nach eigenem Ermessen und in voller Verantwortung tut und allein f\u00fcr eventuell entstehende Sch\u00e4den verantwortlich ist, einschlie\u00dflich eines Datenverlusts oder einer Besch\u00e4digung des Computersystems.<\/p>\n<p><strong>HAFTUNGSEINSCHR\u00c4NKUNGEN<\/strong><\/p>\n<p>Soweit nach geltendem Recht zul\u00e4ssig haftet das Unternehmen als Eigent\u00fcmer des BAM &#8211; CENTRO DA BANANA DA MADEIRA unter keinen Umst\u00e4nden gegen\u00fcber Dritten f\u00fcr direkte oder indirekte Sch\u00e4den, einschlie\u00dflich entgangener Gewinne, die mit dieserWebsite in Verbindung stehen oder aus seiner Nutzung oder jedweder Website entstehen, die auf diese Website verweist oder auf sie zugreift (falls zutreffend). Diese Haftungsbeschr\u00e4nkung gilt f\u00fcr alle Klagegr\u00fcnde, sei es Vertrag, Gew\u00e4hrleistung, unerlaubte Handlung oder sonstige Gr\u00fcnde.<\/p>\n<p><strong>ANZUWENDENDES RECHT<\/strong><\/p>\n<p>Diese Nutzungsbedingungen unterliegen dem portugiesischen Recht und werden in \u00dcbereinstimmung mit diesem ausgelegt. Alle Streitigkeiten unterliegen der ausschlie\u00dflichen Zust\u00e4ndigkeit des Bezirksgerichts von Lissabon, unter Ausschluss aller anderen Gerichtsbarkeiten, zur Beilegung von Streitigkeiten, die sich aus der Auslegung und Anwendung dieser Nutzungsbedingungen ergeben.<\/p>\n<p>&nbsp;<\/p>\n","protected":false},"excerpt":{"rendered":"<p>NUTZUNGSBEDINGUNGEN Durch Zugang oder Nutzung der Website des BAM \u2013 CENTRO DA BANANA DA MADEIRA best\u00e4tigt der*die Kund*in, dass er*sie diese Nutzungsbedingungen gelesen und verstanden hat und damit einverstanden ist, sich an sie zu halten sowie entsprechend der geltenden gesetzlichen Bestimmungen zu handeln. Sollte der*die Kund*in diesen Nutzungsbedingungen nicht zustimmen, darf er*sie diese Website nicht&#8230;  <a href=\"https:\/\/bam-centrodabananadamadeira.pt\/de\/allgemeine\/\" title=\"Read Allgemeine\">Read more &raquo;<\/a><\/p>\n","protected":false},"author":1,"featured_media":0,"parent":0,"menu_order":0,"comment_status":"closed","ping_status":"closed","template":"tmp-politica.php","meta":{"inline_featured_image":false,"footnotes":""},"class_list":["post-64","page","type-page","status-publish","hentry"],"yoast_head":"<!-- This site is optimized with the Yoast SEO plugin v19.6.1 - https:\/\/yoast.com\/wordpress\/plugins\/seo\/ -->\n<title>Allgemeine - BAM | DE<\/title>\n<meta name=\"robots\" content=\"index, follow, max-snippet:-1, max-image-preview:large, max-video-preview:-1\" \/>\n<link rel=\"canonical\" href=\"https:\/\/bam-centrodabananadamadeira.pt\/de\/allgemeine\/\" \/>\n<meta property=\"og:locale\" content=\"pt_PT\" \/>\n<meta property=\"og:type\" content=\"article\" \/>\n<meta property=\"og:title\" content=\"Allgemeine - BAM | DE\" \/>\n<meta property=\"og:description\" content=\"NUTZUNGSBEDINGUNGEN Durch Zugang oder Nutzung der Website des BAM \u2013 CENTRO DA BANANA DA MADEIRA best\u00e4tigt der*die Kund*in, dass er*sie diese Nutzungsbedingungen gelesen und verstanden hat und damit einverstanden ist, sich an sie zu halten sowie entsprechend der geltenden gesetzlichen Bestimmungen zu handeln. Sollte der*die Kund*in diesen Nutzungsbedingungen nicht zustimmen, darf er*sie diese Website nicht... Read more &raquo;\" \/>\n<meta property=\"og:url\" content=\"https:\/\/bam-centrodabananadamadeira.pt\/de\/allgemeine\/\" \/>\n<meta property=\"og:site_name\" content=\"BAM | DE\" \/>\n<meta property=\"article:modified_time\" content=\"2022-07-27T08:56:30+00:00\" \/>\n<meta name=\"twitter:card\" content=\"summary_large_image\" \/>\n<meta name=\"twitter:label1\" content=\"Tempo estimado de leitura\" \/>\n\t<meta name=\"twitter:data1\" content=\"6 minutos\" \/>\n<script type=\"application\/ld+json\" class=\"yoast-schema-graph\">{\"@context\":\"https:\/\/schema.org\",\"@graph\":[{\"@type\":\"WebPage\",\"@id\":\"https:\/\/bam-centrodabananadamadeira.pt\/de\/allgemeine\/\",\"url\":\"https:\/\/bam-centrodabananadamadeira.pt\/de\/allgemeine\/\",\"name\":\"Allgemeine - BAM | DE\",\"isPartOf\":{\"@id\":\"https:\/\/bam-centrodabananadamadeira.pt\/de\/#website\"},\"datePublished\":\"2022-02-10T14:59:38+00:00\",\"dateModified\":\"2022-07-27T08:56:30+00:00\",\"breadcrumb\":{\"@id\":\"https:\/\/bam-centrodabananadamadeira.pt\/de\/allgemeine\/#breadcrumb\"},\"inLanguage\":\"pt-PT\",\"potentialAction\":[{\"@type\":\"ReadAction\",\"target\":[\"https:\/\/bam-centrodabananadamadeira.pt\/de\/allgemeine\/\"]}]},{\"@type\":\"BreadcrumbList\",\"@id\":\"https:\/\/bam-centrodabananadamadeira.pt\/de\/allgemeine\/#breadcrumb\",\"itemListElement\":[{\"@type\":\"ListItem\",\"position\":1,\"name\":\"In\u00edcio\",\"item\":\"https:\/\/bam-centrodabananadamadeira.pt\/de\/\"},{\"@type\":\"ListItem\",\"position\":2,\"name\":\"Allgemeine\"}]},{\"@type\":\"WebSite\",\"@id\":\"https:\/\/bam-centrodabananadamadeira.pt\/de\/#website\",\"url\":\"https:\/\/bam-centrodabananadamadeira.pt\/de\/\",\"name\":\"BAM | DE\",\"description\":\"\",\"potentialAction\":[{\"@type\":\"SearchAction\",\"target\":{\"@type\":\"EntryPoint\",\"urlTemplate\":\"https:\/\/bam-centrodabananadamadeira.pt\/de\/?s={search_term_string}\"},\"query-input\":\"required name=search_term_string\"}],\"inLanguage\":\"pt-PT\"}]}<\/script>\n<!-- \/ Yoast SEO plugin. -->","yoast_head_json":{"title":"Allgemeine - BAM | DE","robots":{"index":"index","follow":"follow","max-snippet":"max-snippet:-1","max-image-preview":"max-image-preview:large","max-video-preview":"max-video-preview:-1"},"canonical":"https:\/\/bam-centrodabananadamadeira.pt\/de\/allgemeine\/","og_locale":"pt_PT","og_type":"article","og_title":"Allgemeine - BAM | DE","og_description":"NUTZUNGSBEDINGUNGEN Durch Zugang oder Nutzung der Website des BAM \u2013 CENTRO DA BANANA DA MADEIRA best\u00e4tigt der*die Kund*in, dass er*sie diese Nutzungsbedingungen gelesen und verstanden hat und damit einverstanden ist, sich an sie zu halten sowie entsprechend der geltenden gesetzlichen Bestimmungen zu handeln. Sollte der*die Kund*in diesen Nutzungsbedingungen nicht zustimmen, darf er*sie diese Website nicht... Read more &raquo;","og_url":"https:\/\/bam-centrodabananadamadeira.pt\/de\/allgemeine\/","og_site_name":"BAM | DE","article_modified_time":"2022-07-27T08:56:30+00:00","twitter_card":"summary_large_image","twitter_misc":{"Tempo estimado de leitura":"6 minutos"},"schema":{"@context":"https:\/\/schema.org","@graph":[{"@type":"WebPage","@id":"https:\/\/bam-centrodabananadamadeira.pt\/de\/allgemeine\/","url":"https:\/\/bam-centrodabananadamadeira.pt\/de\/allgemeine\/","name":"Allgemeine - BAM | DE","isPartOf":{"@id":"https:\/\/bam-centrodabananadamadeira.pt\/de\/#website"},"datePublished":"2022-02-10T14:59:38+00:00","dateModified":"2022-07-27T08:56:30+00:00","breadcrumb":{"@id":"https:\/\/bam-centrodabananadamadeira.pt\/de\/allgemeine\/#breadcrumb"},"inLanguage":"pt-PT","potentialAction":[{"@type":"ReadAction","target":["https:\/\/bam-centrodabananadamadeira.pt\/de\/allgemeine\/"]}]},{"@type":"BreadcrumbList","@id":"https:\/\/bam-centrodabananadamadeira.pt\/de\/allgemeine\/#breadcrumb","itemListElement":[{"@type":"ListItem","position":1,"name":"In\u00edcio","item":"https:\/\/bam-centrodabananadamadeira.pt\/de\/"},{"@type":"ListItem","position":2,"name":"Allgemeine"}]},{"@type":"WebSite","@id":"https:\/\/bam-centrodabananadamadeira.pt\/de\/#website","url":"https:\/\/bam-centrodabananadamadeira.pt\/de\/","name":"BAM | DE","description":"","potentialAction":[{"@type":"SearchAction","target":{"@type":"EntryPoint","urlTemplate":"https:\/\/bam-centrodabananadamadeira.pt\/de\/?s={search_term_string}"},"query-input":"required name=search_term_string"}],"inLanguage":"pt-PT"}]}},"_links":{"self":[{"href":"https:\/\/bam-centrodabananadamadeira.pt\/de\/wp-json\/wp\/v2\/pages\/64","targetHints":{"allow":["GET"]}}],"collection":[{"href":"https:\/\/bam-centrodabananadamadeira.pt\/de\/wp-json\/wp\/v2\/pages"}],"about":[{"href":"https:\/\/bam-centrodabananadamadeira.pt\/de\/wp-json\/wp\/v2\/types\/page"}],"author":[{"embeddable":true,"href":"https:\/\/bam-centrodabananadamadeira.pt\/de\/wp-json\/wp\/v2\/users\/1"}],"replies":[{"embeddable":true,"href":"https:\/\/bam-centrodabananadamadeira.pt\/de\/wp-json\/wp\/v2\/comments?post=64"}],"version-history":[{"count":7,"href":"https:\/\/bam-centrodabananadamadeira.pt\/de\/wp-json\/wp\/v2\/pages\/64\/revisions"}],"predecessor-version":[{"id":163,"href":"https:\/\/bam-centrodabananadamadeira.pt\/de\/wp-json\/wp\/v2\/pages\/64\/revisions\/163"}],"wp:attachment":[{"href":"https:\/\/bam-centrodabananadamadeira.pt\/de\/wp-json\/wp\/v2\/media?parent=64"}],"curies":[{"name":"wp","href":"https:\/\/api.w.org\/{rel}","templated":true}]}}